{"id":101,"date":"2019-04-17T17:50:16","date_gmt":"2019-04-17T15:50:16","guid":{"rendered":"http:\/\/aspromonteoutdoor.it\/?page_id=101"},"modified":"2024-05-02T11:51:28","modified_gmt":"2024-05-02T09:51:28","slug":"lago-menta-e-schicciu-da-spana","status":"publish","type":"page","link":"https:\/\/aspromonteoutdoor.it\/index.php\/escursioni\/alto-aspromonte\/lago-menta-e-schicciu-da-spana\/","title":{"rendered":"Lago Menta e Schicciu da Spana"},"content":{"rendered":"\nngg_shortcode_0_placeholder\n\n\n\n<p>Meglio conosciuta come cascata <strong>Maesano<\/strong>, u <strong>Schicciu da Spana<\/strong> (dal greko <em>span\u00f2s<\/em>, imberbe, in questo caso senza vegetazione) \u00e8 forse la cascata pi\u00f9 nota <strong>d&#8217;Aspromonte<\/strong>. Formata dalle acque dei torrenti <strong>Menta <\/strong>e <strong>Amendolea<\/strong>, \u00e8 considerata come il punto di inizio della pi\u00f9 grande fiumara d&#8217;Aspromonte, l&#8217;Amendolea appunto.<\/p>\n\n\n\n<p>L&#8217;escursione prevede il periplo del lago artificiale, formato in seguito alla costruzione della diga lungo una pista in terra battuta, tra scorci e riflessi come contorno di un andare rilassato e assorto.<\/p>\n\n\n\n<p>Una volta completato il giro del lago, prendiamo la strada, dapprima asfaltata, che ci porta prima gi\u00f9 nella piccola valle del torrente, dove effettuiamo un piccolo guado, e poi di nuovo su, tra faggi e abeti, con lo scrosciare delle acque come colonna sonora.<\/p>\n\n\n\n<p>Salendo ancora, perdiamo di vista il corso d&#8217;acqua, che si ripresenter\u00e0 a noi dal punto panoramico, nella sua veste pi\u00f9 bella: quella di una cascata di circa 60 metri, con tre salti intervallati da pozze di acqua cristallina.<\/p>\n\n\n\n<p>Ritorniamo, a questo punto, seguendo la pista dell&#8217;andata.<\/p>\n\n\n\n<p><strong>SCHEDA ESCURSIONE:<\/strong><br><em>Tipo di escursione:<\/em> parte ad anello, parte in linea a\/r<br><em>Difficolt\u00e0:<\/em> E<br><em>Durata<\/em>: 6 ore c.ca comprese le soste<br><em>Acqua potabile<\/em>: presenti delle sorgenti sul sentiero<br><em>Dislivello<\/em>: 300 c.ca <\/p>\n","protected":false},"excerpt":{"rendered":"<p>Meglio conosciuta come cascata Maesano, u Schicciu da Spana (dal greko span\u00f2s, imberbe, in questo caso senza vegetazione) \u00e8 forse la cascata pi\u00f9 nota d&#8217;Aspromonte. &hellip;<\/p>\n","protected":false},"author":1,"featured_media":102,"parent":652,"menu_order":0,"comment_status":"closed","ping_status":"closed","template":"","meta":{"ngg_post_thumbnail":0,"footnotes":""},"class_list":["post-101","page","type-page","status-publish","has-post-thumbnail","hentry"],"_links":{"self":[{"href":"https:\/\/aspromonteoutdoor.it\/index.php\/wp-json\/wp\/v2\/pages\/101","targetHints":{"allow":["GET"]}}],"collection":[{"href":"https:\/\/aspromonteoutdoor.it\/index.php\/wp-json\/wp\/v2\/pages"}],"about":[{"href":"https:\/\/aspromonteoutdoor.it\/index.php\/wp-json\/wp\/v2\/types\/page"}],"author":[{"embeddable":true,"href":"https:\/\/aspromonteoutdoor.it\/index.php\/wp-json\/wp\/v2\/users\/1"}],"replies":[{"embeddable":true,"href":"https:\/\/aspromonteoutdoor.it\/index.php\/wp-json\/wp\/v2\/comments?post=101"}],"version-history":[{"count":4,"href":"https:\/\/aspromonteoutdoor.it\/index.php\/wp-json\/wp\/v2\/pages\/101\/revisions"}],"predecessor-version":[{"id":1334,"href":"https:\/\/aspromonteoutdoor.it\/index.php\/wp-json\/wp\/v2\/pages\/101\/revisions\/1334"}],"up":[{"embeddable":true,"href":"https:\/\/aspromonteoutdoor.it\/index.php\/wp-json\/wp\/v2\/pages\/652"}],"wp:featuredmedia":[{"embeddable":true,"href":"https:\/\/aspromonteoutdoor.it\/index.php\/wp-json\/wp\/v2\/media\/102"}],"wp:attachment":[{"href":"https:\/\/aspromonteoutdoor.it\/index.php\/wp-json\/wp\/v2\/media?parent=101"}],"curies":[{"name":"wp","href":"https:\/\/api.w.org\/{rel}","templated":true}]}}