{"id":1140,"date":"2021-07-06T21:50:50","date_gmt":"2021-07-06T19:50:50","guid":{"rendered":"https:\/\/aspromonteoutdoor.it\/?page_id=1140"},"modified":"2021-07-06T21:52:36","modified_gmt":"2021-07-06T19:52:36","slug":"scilla-cosa-vedere","status":"publish","type":"page","link":"https:\/\/aspromonteoutdoor.it\/index.php\/scilla-cosa-vedere\/","title":{"rendered":"Scilla: Cosa Vedere"},"content":{"rendered":"\n<div class=\"wp-block-themeisle-blocks-advanced-columns has-1-columns has-desktop-equal-layout has-tablet-equal-layout has-mobile-equal-layout has-default-gap has-vertical-unset\" id=\"wp-block-themeisle-blocks-advanced-columns-633ac63f\"><div class=\"wp-block-themeisle-blocks-advanced-columns-overlay\"><\/div><div class=\"innerblocks-wrap\">\n<div class=\"wp-block-themeisle-blocks-advanced-column\" id=\"wp-block-themeisle-blocks-advanced-column-d0f643d0\">\n<p>La perla della Costa Viola, terra di miti e di storia, di certo non manca di cose che non ci si pu\u00f2 esimere dal visitare.<\/p>\n\n\n\n<h3 class=\"wp-block-heading\">Il Castello Ruffo<\/h3>\n\n\n\n<p>Antica fortificazione pi\u00f9 volte ripresa e adattata alle esigenze del momento, \u00e8 sicuramente uno dei luoghi caratteristici di Scilla. Occupa la sommit\u00e0 della rocca a picco sul mare, ottima posizione difensiva dalle incursioni navali.<\/p>\n\n\n\n<h3 class=\"wp-block-heading\">Piazza San Rocco<\/h3>\n\n\n\n<p>Il cuore della vita della cittadina durante tutto l&#8217;anno, dove gli anziani si incontrano, i bambini giocano e i turisti scattano le pi\u00f9 belle foto con panorama sul Castello e sullo Stretto di Scilla e Cariddi. Impreziosita, negli ultimi anni, da una suggestiva statua bronzea del mostro opera dell&#8217;artista Francesco Triglia.<\/p>\n\n\n\n<h3 class=\"wp-block-heading\">Chianalea<\/h3>\n\n\n\n<p>Il quartiere dei pescatori con le sue caratteristiche case che sembrano spuntare direttamente dall&#8217;acqua. Un tempo popolata da uomini alle prese con barche e reti, adesso prevalentemente sede di B&amp;B e ristoranti, molti dei quali permettono di consumare i pasti su una pedana costruita sul mare.<\/p>\n\n\n\n<h3 class=\"wp-block-heading\">Belvedere Morselli<\/h3>\n\n\n\n<p>Per chi arriva da sud percorrendo la strada statale, il belvedere Morselli \u00e8 una sosta quasi obbligata. Da l\u00ec \u00e8 possibile ammirare il castello, il quartiere di Marina Grande e parte del quartiere alto di San Giorgio.<\/p>\n\n\n\n<h3 class=\"wp-block-heading\">La Biblioteca Comunale &#8220;Antonia Assunta Paladino&#8221;<\/h3>\n\n\n\n<p>Inaugurata nel 2020 nei locali della ex biglietteria delle FS, la biblioteca conta gi\u00e0 migliaia di libri pronti per essere consultati.<\/p>\n\n\n\n<div class=\"wp-block-buttons is-layout-flex wp-block-buttons-is-layout-flex\">\n<div class=\"wp-block-button\"><a class=\"wp-block-button__link\" href=\"https:\/\/aspromonteoutdoor.it\/index.php\/sentieridelmito\/\">Indietro<\/a><\/div>\n<\/div>\n<\/div>\n<\/div><\/div>\n","protected":false},"excerpt":{"rendered":"","protected":false},"author":1,"featured_media":0,"parent":0,"menu_order":0,"comment_status":"closed","ping_status":"closed","template":"","meta":{"ngg_post_thumbnail":0,"footnotes":""},"class_list":["post-1140","page","type-page","status-publish","hentry"],"_links":{"self":[{"href":"https:\/\/aspromonteoutdoor.it\/index.php\/wp-json\/wp\/v2\/pages\/1140","targetHints":{"allow":["GET"]}}],"collection":[{"href":"https:\/\/aspromonteoutdoor.it\/index.php\/wp-json\/wp\/v2\/pages"}],"about":[{"href":"https:\/\/aspromonteoutdoor.it\/index.php\/wp-json\/wp\/v2\/types\/page"}],"author":[{"embeddable":true,"href":"https:\/\/aspromonteoutdoor.it\/index.php\/wp-json\/wp\/v2\/users\/1"}],"replies":[{"embeddable":true,"href":"https:\/\/aspromonteoutdoor.it\/index.php\/wp-json\/wp\/v2\/comments?post=1140"}],"version-history":[{"count":2,"href":"https:\/\/aspromonteoutdoor.it\/index.php\/wp-json\/wp\/v2\/pages\/1140\/revisions"}],"predecessor-version":[{"id":1144,"href":"https:\/\/aspromonteoutdoor.it\/index.php\/wp-json\/wp\/v2\/pages\/1140\/revisions\/1144"}],"wp:attachment":[{"href":"https:\/\/aspromonteoutdoor.it\/index.php\/wp-json\/wp\/v2\/media?parent=1140"}],"curies":[{"name":"wp","href":"https:\/\/api.w.org\/{rel}","templated":true}]}}