{"id":1502,"date":"2025-10-29T18:38:18","date_gmt":"2025-10-29T17:38:18","guid":{"rendered":"https:\/\/aspromonteoutdoor.it\/?page_id=1502"},"modified":"2025-10-30T06:38:05","modified_gmt":"2025-10-30T05:38:05","slug":"cose-da-sapere","status":"publish","type":"page","link":"https:\/\/aspromonteoutdoor.it\/","title":{"rendered":"Cose da sapere"},"content":{"rendered":"\n<p class=\"has-text-align-center\">Un&#8217;escursione non \u00e8 una semplice passeggiata! Richiede attenzione, sintonia con la natura e le altre persone, voglia di conoscere e di conoscersi&#8230;<\/p>\n\n\n\n<div class=\"wp-block-columns is-layout-flex wp-container-core-columns-is-layout-9d6595d7 wp-block-columns-is-layout-flex\">\n<div class=\"wp-block-column is-layout-flow wp-block-column-is-layout-flow\" style=\"flex-basis:50%\"><\/div>\n<\/div>\n\n\n\n<div class=\"wp-block-columns is-layout-flex wp-container-core-columns-is-layout-9d6595d7 wp-block-columns-is-layout-flex\">\n<div class=\"wp-block-column is-layout-flow wp-block-column-is-layout-flow\">\n<p class=\"has-text-align-center\"><strong>Equipaggiamento di base<\/strong><\/p>\n\n\n\n<p class=\"has-text-align-center\">Abbigliamento a strati secondo la stagione<br \/>scarponcini da trekking alti alla caviglia (NO sneakers o scarpe con gomma liscia)<br \/>pantaloni lunghi (per proteggersi da rovi, ortiche o, durante la stagione calda, zecche)<br \/>poncho o k-way [sempre nello zaino!]<br \/>giacca a vento<br \/>ghette [in autunno\/inverno o in caso di tempo instabile o neve]<br \/>zainetto con spallacci imbottiti<br \/>borraccia (almeno 2 lt)<br \/>snack energetici (frutta secca, biscottini, etc)<br \/>bicchiere personale (NO usa e getta)<br \/>bastoncini<br \/>torcia<br \/>cappello a falde larghe o berretto con visiera<br \/>protezione solare [almeno da marzo a settembre]<br \/>sacchetto biodegradabile per l\u2019immondizia<br \/>\u201csacchetto bisogni\u201d (perch\u00e9 non si lasciano fazzoletti et similia in giro!)<br \/>cambio completo da tenere in auto.<\/p>\n<\/div>\n\n\n\n<div class=\"wp-block-column is-layout-flow wp-block-column-is-layout-flow\">\n<p class=\"has-text-align-center\"><strong>Raccomandazioni<\/strong><\/p>\n\n\n\n<p class=\"has-text-align-center\">Essere in buona forma fisica \u00e8 fondamentale quando si affronta un&#8217;escursione in montagna. Non siamo supereroi! Ma ci assicuriamo di seguire delle semplici norme che ci permettono di minimizzare i rischi.<br \/>1- \u00e8 fondamentale seguire le istruzioni della guida (che ha studiato e fatto pratica per garantirti la migliore esperienza possibile).<br \/>2- non allontanarsi dal gruppo: anche se ti sembra che alcuni abbiano un passo diverso dal tuo, ricorda che un comportamento sconsiderato potrebbe causare disagi al resto dei tuoi compagni.<br \/>3- non disturbare la fauna selvatica: oltre a creare stress agli animali che incontriamo, mettendo potenzialmente in pericolo il loro benessere, potremmo provocare reazioni avverse nei nostri confronti. \u00c8 sempre bene osservarli da lontano rispettando il loro habitat.<br \/>4- non sporcare. Sembra una banalit\u00e0, ma non lo \u00e8! Portiamo sempre a casa i nostri rifiuti, TUTTI (s\u00ec, anche quelli biodegradabili).<\/p>\n<\/div>\n\n\n\n<div class=\"wp-block-column is-layout-flow wp-block-column-is-layout-flow\">\n<p class=\"has-text-align-center\"><strong>Obiettivi<\/strong><\/p>\n\n\n\n<p class=\"has-text-align-center\">Lo scopo delle nostre escursioni in natura \u00e8 s\u00ec quello di scrollarsi di dosso lo stress di una settimana di lavoro e impegni quotidiani, ma anche conoscere meglio la terra che ci ospita, anche solo osservando e proteggendo quello che ci circonda. Assicurati di portare a casa con te un bagaglio di emozioni positive, amicizie, colori, suoni e farne uno strumento di vita per te e i tuoi cari.<br \/>Quello che facciamo sembra poco, ma pu\u00f2 fare davvero la differenza.<\/p>\n<\/div>\n<\/div>\n\n\n\n<h2 class=\"wp-block-heading has-text-align-center\">Magna Graecia Dream Team<\/h2>\n\n\n\n<div class=\"wp-block-columns is-layout-flex wp-container-core-columns-is-layout-9d6595d7 wp-block-columns-is-layout-flex\">\n<div class=\"wp-block-column is-layout-flow wp-block-column-is-layout-flow\">\n<div class=\"wp-block-media-text is-stacked-on-mobile is-vertically-aligned-top is-image-fill-element\"><figure class=\"wp-block-media-text__media\"><img loading=\"lazy\" decoding=\"async\" width=\"1920\" height=\"2560\" src=\"https:\/\/aspromonteoutdoor.it\/wp-content\/uploads\/2021\/06\/IMG_20180701_113758-scaled.jpg\" alt=\"\" class=\"wp-image-1020 size-full\" style=\"object-position:38% 41%\" srcset=\"https:\/\/aspromonteoutdoor.it\/wp-content\/uploads\/2021\/06\/IMG_20180701_113758-scaled.jpg 1920w, https:\/\/aspromonteoutdoor.it\/wp-content\/uploads\/2021\/06\/IMG_20180701_113758-scaled-600x800.jpg 600w, https:\/\/aspromonteoutdoor.it\/wp-content\/uploads\/2021\/06\/IMG_20180701_113758-225x300.jpg 225w, https:\/\/aspromonteoutdoor.it\/wp-content\/uploads\/2021\/06\/IMG_20180701_113758-768x1024.jpg 768w\" sizes=\"auto, (max-width: 1920px) 100vw, 1920px\" \/><\/figure><div class=\"wp-block-media-text__content\">\n\n<p>Angela Latella<\/p>\n\n\n<h6 class=\"wp-block-heading\">Presidente e Guida Escursionistica<\/h6>\n\n\n<p>Pesce fuor d&#8217;acqua, nomade di prossimit\u00e0, amante di animali e flora spontanea, appassionata di rock, mitologia e tecnologia, regina delle intolleranze alimentari. Il suo motto: se ti fa felice, e non ferisce nessuno, fallo!<\/p>\n\n<\/div><\/div>\n<\/div>\n\n\n\n<div class=\"wp-block-column is-layout-flow wp-block-column-is-layout-flow\">\n<div class=\"wp-block-media-text is-stacked-on-mobile is-vertically-aligned-top is-image-fill-element\"><figure class=\"wp-block-media-text__media\"><img loading=\"lazy\" decoding=\"async\" width=\"640\" height=\"960\" src=\"https:\/\/aspromonteoutdoor.it\/wp-content\/uploads\/2020\/04\/rosy-surace-2.jpg\" alt=\"\" class=\"wp-image-929 size-full\" style=\"object-position:39% 30%\" srcset=\"https:\/\/aspromonteoutdoor.it\/wp-content\/uploads\/2020\/04\/rosy-surace-2.jpg 640w, https:\/\/aspromonteoutdoor.it\/wp-content\/uploads\/2020\/04\/rosy-surace-2-600x900.jpg 600w, https:\/\/aspromonteoutdoor.it\/wp-content\/uploads\/2020\/04\/rosy-surace-2-200x300.jpg 200w\" sizes=\"auto, (max-width: 640px) 100vw, 640px\" \/><\/figure><div class=\"wp-block-media-text__content\">\n\n<p>Rosy Surace<\/p>\n\n\n<h6 class=\"wp-block-heading\">VicePresidente<\/h6>\n\n\n<p>Anche detta &#8220;Sergente&#8221;, &#8220;Mamma&#8221; o &#8220;Maestra&#8221; (o tutti quei nomi che ti fanno stare sull&#8217;attenti), appassionata di rettili, rocce e Puntone Galera, mani d&#8217;oro in cucina, cuore grande (pure troppo). In escursione nessuno le sfugge, ma non la fate arrabbiare!<\/p>\n\n<\/div><\/div>\n<\/div>\n<\/div>\n\n\n\n<div class=\"wp-block-columns is-layout-flex wp-container-core-columns-is-layout-9d6595d7 wp-block-columns-is-layout-flex\">\n<div class=\"wp-block-column is-layout-flow wp-block-column-is-layout-flow\">\n<div class=\"wp-block-media-text is-stacked-on-mobile is-vertically-aligned-top is-image-fill-element\"><figure class=\"wp-block-media-text__media\"><img loading=\"lazy\" decoding=\"async\" width=\"1365\" height=\"2048\" src=\"https:\/\/aspromonteoutdoor.it\/wp-content\/uploads\/2021\/06\/joe.jpg\" alt=\"\" class=\"wp-image-1017 size-full\" style=\"object-position:66% 44%\" srcset=\"https:\/\/aspromonteoutdoor.it\/wp-content\/uploads\/2021\/06\/joe.jpg 1365w, https:\/\/aspromonteoutdoor.it\/wp-content\/uploads\/2021\/06\/joe-600x900.jpg 600w, https:\/\/aspromonteoutdoor.it\/wp-content\/uploads\/2021\/06\/joe-200x300.jpg 200w, https:\/\/aspromonteoutdoor.it\/wp-content\/uploads\/2021\/06\/joe-768x1152.jpg 768w, https:\/\/aspromonteoutdoor.it\/wp-content\/uploads\/2021\/06\/joe-683x1024.jpg 683w\" sizes=\"auto, (max-width: 1365px) 100vw, 1365px\" \/><\/figure><div class=\"wp-block-media-text__content\">\n\n<p>Gianluca Bellantoni<\/p>\n\n\n<h6 class=\"wp-block-heading\">Motivatore e Accompagnatore Escursionistico<\/h6>\n\n\n<p>Esploratore impenitente, mezzo pennuto e mezzo pesce, appassionato di qualsiasi cosa sia fuori dal comune, radioamatore e par\u00e0 nell&#8217;anima, fondamentalmente disturbatore seriale. Se hai un problema, lui lo risolve e se non si pu\u00f2 risolvere&#8230;il problema non c&#8217;\u00e8!<\/p>\n\n<\/div><\/div>\n<\/div>\n\n\n\n<div class=\"wp-block-column is-layout-flow wp-block-column-is-layout-flow\">\n<div class=\"wp-block-media-text is-stacked-on-mobile is-vertically-aligned-top is-image-fill-element\"><figure class=\"wp-block-media-text__media\"><img loading=\"lazy\" decoding=\"async\" width=\"1707\" height=\"2560\" src=\"https:\/\/aspromonteoutdoor.it\/wp-content\/uploads\/2020\/04\/Andrea-Giunta-scaled.jpg\" alt=\"\" class=\"wp-image-869 size-full\" style=\"object-position:40% 50%\" srcset=\"https:\/\/aspromonteoutdoor.it\/wp-content\/uploads\/2020\/04\/Andrea-Giunta-scaled.jpg 1707w, https:\/\/aspromonteoutdoor.it\/wp-content\/uploads\/2020\/04\/Andrea-Giunta-scaled-600x900.jpg 600w, https:\/\/aspromonteoutdoor.it\/wp-content\/uploads\/2020\/04\/Andrea-Giunta-200x300.jpg 200w, https:\/\/aspromonteoutdoor.it\/wp-content\/uploads\/2020\/04\/Andrea-Giunta-768x1152.jpg 768w, https:\/\/aspromonteoutdoor.it\/wp-content\/uploads\/2020\/04\/Andrea-Giunta-683x1024.jpg 683w\" sizes=\"auto, (max-width: 1707px) 100vw, 1707px\" \/><\/figure><div class=\"wp-block-media-text__content\">\n\n<p>Andrea Giunta<\/p>\n\n\n<h6 class=\"wp-block-heading\">Fotografo e Accompagnatore Escursionistico<\/h6>\n\n\n<p>Istruttore di indoor cycling e fotografo amatoriale, spina nel fianco e amico devoto, appassionato di Star Wars, ma con gusti musicali discutibili. Il suo motto: bisogna perdersi per ritrovarsi.<\/p>\n\n<\/div><\/div>\n<\/div>\n<\/div>\n\n\n\n<div class=\"wp-block-columns is-layout-flex wp-container-core-columns-is-layout-9d6595d7 wp-block-columns-is-layout-flex\">\n<div class=\"wp-block-column is-layout-flow wp-block-column-is-layout-flow\">\n<div class=\"wp-block-media-text is-stacked-on-mobile is-vertically-aligned-top is-image-fill-element\"><figure class=\"wp-block-media-text__media\"><img loading=\"lazy\" decoding=\"async\" width=\"932\" height=\"1436\" src=\"https:\/\/aspromonteoutdoor.it\/wp-content\/uploads\/2021\/06\/alfonso.jpg\" alt=\"\" class=\"wp-image-1022 size-full\" style=\"object-position:58% 24%\" srcset=\"https:\/\/aspromonteoutdoor.it\/wp-content\/uploads\/2021\/06\/alfonso.jpg 932w, https:\/\/aspromonteoutdoor.it\/wp-content\/uploads\/2021\/06\/alfonso-600x924.jpg 600w, https:\/\/aspromonteoutdoor.it\/wp-content\/uploads\/2021\/06\/alfonso-195x300.jpg 195w, https:\/\/aspromonteoutdoor.it\/wp-content\/uploads\/2021\/06\/alfonso-768x1183.jpg 768w, https:\/\/aspromonteoutdoor.it\/wp-content\/uploads\/2021\/06\/alfonso-665x1024.jpg 665w\" sizes=\"auto, (max-width: 932px) 100vw, 932px\" \/><\/figure><div class=\"wp-block-media-text__content\">\n\n<p>Alfonso Pedace<\/p>\n\n\n<h6 class=\"wp-block-heading\">Saggio Consigliere<\/h6>\n\n\n<p>Ex scout, appassionato di yoga, natura e buona musica, paziente, discreto, con un grande senso dell&#8217;umorismo e per compensare tutto questo, completamente fuori di testa.<\/p>\n\n<\/div><\/div>\n<\/div>\n\n\n\n<div class=\"wp-block-column is-layout-flow wp-block-column-is-layout-flow\"><\/div>\n<\/div>\n","protected":false},"excerpt":{"rendered":"<p>Un&#8217;escursione non \u00e8 una semplice passeggiata! Richiede attenzione, sintonia con la natura e le altre persone, voglia di conoscere e di conoscersi&#8230; Equipaggiamento di base &hellip;<\/p>\n","protected":false},"author":1,"featured_media":0,"parent":0,"menu_order":0,"comment_status":"closed","ping_status":"closed","template":"","meta":{"ngg_post_thumbnail":0,"footnotes":""},"class_list":["post-1502","page","type-page","status-publish","hentry"],"_links":{"self":[{"href":"https:\/\/aspromonteoutdoor.it\/index.php\/wp-json\/wp\/v2\/pages\/1502","targetHints":{"allow":["GET"]}}],"collection":[{"href":"https:\/\/aspromonteoutdoor.it\/index.php\/wp-json\/wp\/v2\/pages"}],"about":[{"href":"https:\/\/aspromonteoutdoor.it\/index.php\/wp-json\/wp\/v2\/types\/page"}],"author":[{"embeddable":true,"href":"https:\/\/aspromonteoutdoor.it\/index.php\/wp-json\/wp\/v2\/users\/1"}],"replies":[{"embeddable":true,"href":"https:\/\/aspromonteoutdoor.it\/index.php\/wp-json\/wp\/v2\/comments?post=1502"}],"version-history":[{"count":10,"href":"https:\/\/aspromonteoutdoor.it\/index.php\/wp-json\/wp\/v2\/pages\/1502\/revisions"}],"predecessor-version":[{"id":1545,"href":"https:\/\/aspromonteoutdoor.it\/index.php\/wp-json\/wp\/v2\/pages\/1502\/revisions\/1545"}],"wp:attachment":[{"href":"https:\/\/aspromonteoutdoor.it\/index.php\/wp-json\/wp\/v2\/media?parent=1502"}],"curies":[{"name":"wp","href":"https:\/\/api.w.org\/{rel}","templated":true}]}}