{"id":223,"date":"2019-04-19T10:55:02","date_gmt":"2019-04-19T08:55:02","guid":{"rendered":"http:\/\/aspromonteoutdoor.it\/?page_id=223"},"modified":"2019-06-29T17:34:46","modified_gmt":"2019-06-29T15:34:46","slug":"da-bova-a-monte-grosso","status":"publish","type":"page","link":"https:\/\/aspromonteoutdoor.it\/index.php\/escursioni\/aspromonte-orientale\/da-bova-a-monte-grosso\/","title":{"rendered":"da Bova a monte Grosso"},"content":{"rendered":"\n<p>La cittadina di Bova \u00e8 riconosciuta come capitale culturale di tutta l&#8217;area greco-calabra. Abbarbicata sulla cima di un monte, a quasi mille metri, che sovrasta la vallata della grande, bianca, fiumara Amendolea, \u00e8 un gioiellino di tradizioni culturali ed enogastronomiche che affondano le proprie radici nei secoli in cui i coloni calcidesi, ioni e achei arrivarono sulle rive di quella che divenne successivamente la Magna Grecia.<\/p>\n\n\n\n<p>Da qui parte il nostro cammino attraverso un ripido sentiero che taglia i promontori alle spalle della Chora e incrocia un paio di volte i tornanti della nuova strada asfaltata e ci porta fino al noto Passo della Zita.<\/p>\n\n\n\n<blockquote class=\"wp-block-quote is-style-default is-layout-flow wp-block-quote-is-layout-flow\"><p> <br><em>Pare che una giovane donna, come era consuetudine in molte zone del sud, fosse stata promessa in sposa ad un uomo che non amava n\u00e9 stimava. Prov\u00f2 a ribellarsi a questo matrimonio combinato, ma la sua famiglia fu irremovibile: cos\u00ec era e cos\u00ec doveva essere. La giovane, allora, si diresse verso il ponte pi\u00f9 alto della zona e decise che era meglio morire, piuttosto che costringersi ad una vita infelice con un uomo che disprezzava. <\/em><\/p><\/blockquote>\n\n\n\n<p>Continuiamo lungo un sentiero che segue il fianco della montagna e ci porta, finalmente, ad una fresca pineta. In un saliscendi di piste e sentieri, ci godiamo la vista sulla grande frana Colella, uno dei Geositi del Parco Nazionale d&#8217;Aspromonte e, dopo poco, arriviamo alla nostra destinazione.<\/p>\n\n\n\n<p> <strong>SCHEDA ESCURSIONE:<\/strong><br><em>Tipo di escursione<\/em>: in linea <br><em>Difficolt\u00e0:<\/em> E<br><em>Durata:<\/em> 5 ore c.ca comprese le soste<br><em>Acqua potabile<\/em>: a met\u00e0 percorso<br><em>Dislivello<\/em>: 530 c.ca <\/p>\n\n\n\nngg_shortcode_0_placeholder\n","protected":false},"excerpt":{"rendered":"<p>La cittadina di Bova \u00e8 riconosciuta come capitale culturale di tutta l&#8217;area greco-calabra. Abbarbicata sulla cima di un monte, a quasi mille metri, che sovrasta &hellip;<\/p>\n","protected":false},"author":1,"featured_media":248,"parent":493,"menu_order":0,"comment_status":"closed","ping_status":"closed","template":"","meta":{"ngg_post_thumbnail":0,"footnotes":""},"class_list":["post-223","page","type-page","status-publish","has-post-thumbnail","hentry"],"_links":{"self":[{"href":"https:\/\/aspromonteoutdoor.it\/index.php\/wp-json\/wp\/v2\/pages\/223","targetHints":{"allow":["GET"]}}],"collection":[{"href":"https:\/\/aspromonteoutdoor.it\/index.php\/wp-json\/wp\/v2\/pages"}],"about":[{"href":"https:\/\/aspromonteoutdoor.it\/index.php\/wp-json\/wp\/v2\/types\/page"}],"author":[{"embeddable":true,"href":"https:\/\/aspromonteoutdoor.it\/index.php\/wp-json\/wp\/v2\/users\/1"}],"replies":[{"embeddable":true,"href":"https:\/\/aspromonteoutdoor.it\/index.php\/wp-json\/wp\/v2\/comments?post=223"}],"version-history":[{"count":2,"href":"https:\/\/aspromonteoutdoor.it\/index.php\/wp-json\/wp\/v2\/pages\/223\/revisions"}],"predecessor-version":[{"id":442,"href":"https:\/\/aspromonteoutdoor.it\/index.php\/wp-json\/wp\/v2\/pages\/223\/revisions\/442"}],"up":[{"embeddable":true,"href":"https:\/\/aspromonteoutdoor.it\/index.php\/wp-json\/wp\/v2\/pages\/493"}],"wp:featuredmedia":[{"embeddable":true,"href":"https:\/\/aspromonteoutdoor.it\/index.php\/wp-json\/wp\/v2\/media\/248"}],"wp:attachment":[{"href":"https:\/\/aspromonteoutdoor.it\/index.php\/wp-json\/wp\/v2\/media?parent=223"}],"curies":[{"name":"wp","href":"https:\/\/api.w.org\/{rel}","templated":true}]}}