{"id":391,"date":"2019-05-02T20:39:05","date_gmt":"2019-05-02T18:39:05","guid":{"rendered":"http:\/\/aspromonteoutdoor.it\/?page_id=391"},"modified":"2019-05-25T16:07:06","modified_gmt":"2019-05-25T14:07:06","slug":"da-monte-perre-a-croce-di-dio-sia-lodato","status":"publish","type":"page","link":"https:\/\/aspromonteoutdoor.it\/index.php\/escursioni\/aspromonte-orientale\/da-monte-perre-a-croce-di-dio-sia-lodato\/","title":{"rendered":"Da monte Perre a Croce di Dio sia Lodato"},"content":{"rendered":"\n<p>Percorrendo la strada che dalla ss 106 porta all&#8217;abitato di Samo, possiamo gi\u00e0 ammirare dal lontano alcune delle cime che faranno ombra al nostro cammino. Ma \u00e8 quando superiamo il paese che fu dei Sami di Grecia che si comincia a percepire la maestosit\u00e0 di questa parte di Aspromonte ionico.<\/p>\n\n\n\n<p>Lasciate le macchine a monte Perre, intraprendiamo un percorso che non smette di stupirci di svolta in svolta.<\/p>\n\n\n\n<p>Dapprima camminiamo su una rassicurante pista che, in men che non si dica, si trasforma in un sentiero a mezzacosta con un incredibile affaccio sulla fiumara Laverde e il torrente Ferraina. Il nome, d&#8217;altro canto, non \u00e8 stato scelto a caso, u burruni. Da qui seguiamo uno dei sentieri tracciati dalle vacche che pascolano placide in queste zone, fino ad arrivare sul versante opposto del massiccio del Perre, dove una comoda (quasi sempre) pista ci attende per guidarci fino ad altro tratto dal fascino spettacolare: u scaluni.<\/p>\n\n\n\n<p>\u00c8 una risalita che mette un po&#8217; alla prova la nostra resistenza, ma la fatica si sente appena perch\u00e9 la mente \u00e8 presa dallo spettacolo di Puntone Galera, che veglia alle nostre spalle. Da qui a breve ci troviamo gi\u00e0 nel bosco di contrada Croce di Dio, con pini imponenti ed evidenti tracce della presenza di qualche cinghiale, che per\u00f2 ci sfugge schivo.<\/p>\n\n\n\n<p>Dalla cima il panorama \u00e8 mozzafiato. L&#8217;occhio si perde fino al mare incontrando, sul percorso, il Puntone Galera, monte Perre, monte Iofri e monte Scapparone. Senza contare la spettacolare vista sulle cascate Forgiarelle dal punto panoramico del versante occidentale.<\/p>\n\n\n\n<p>Ritorno \u00e8 in parte sulla stessa via dell&#8217;andata, in parte ad anello, continuando sulla pista che ci riporta a monte Perre.<\/p>\n\n\n\n<p><strong>SCHEDA ESCURSIONE:<\/strong><br><em>Tipo di escursione:<\/em>\u00a0parte in linea, parte ad anello<br><em>Difficolt\u00e0:<\/em>\u00a0E\u00a0<br><em>Dislivello:<\/em>\u00a0270 m c.ca<br><em>Durata:\u00a0<\/em>6,5 ore comprese soste<br><em>Acqua:<\/em>\u00a0fonte lungo il percorso<\/p>\n\n\n\nngg_shortcode_0_placeholder\n","protected":false},"excerpt":{"rendered":"<p>Percorrendo la strada che dalla ss 106 porta all&#8217;abitato di Samo, possiamo gi\u00e0 ammirare dal lontano alcune delle cime che faranno ombra al nostro cammino. &hellip;<\/p>\n","protected":false},"author":1,"featured_media":392,"parent":493,"menu_order":0,"comment_status":"closed","ping_status":"closed","template":"","meta":{"ngg_post_thumbnail":0,"footnotes":""},"class_list":["post-391","page","type-page","status-publish","has-post-thumbnail","hentry"],"_links":{"self":[{"href":"https:\/\/aspromonteoutdoor.it\/index.php\/wp-json\/wp\/v2\/pages\/391","targetHints":{"allow":["GET"]}}],"collection":[{"href":"https:\/\/aspromonteoutdoor.it\/index.php\/wp-json\/wp\/v2\/pages"}],"about":[{"href":"https:\/\/aspromonteoutdoor.it\/index.php\/wp-json\/wp\/v2\/types\/page"}],"author":[{"embeddable":true,"href":"https:\/\/aspromonteoutdoor.it\/index.php\/wp-json\/wp\/v2\/users\/1"}],"replies":[{"embeddable":true,"href":"https:\/\/aspromonteoutdoor.it\/index.php\/wp-json\/wp\/v2\/comments?post=391"}],"version-history":[{"count":2,"href":"https:\/\/aspromonteoutdoor.it\/index.php\/wp-json\/wp\/v2\/pages\/391\/revisions"}],"predecessor-version":[{"id":448,"href":"https:\/\/aspromonteoutdoor.it\/index.php\/wp-json\/wp\/v2\/pages\/391\/revisions\/448"}],"up":[{"embeddable":true,"href":"https:\/\/aspromonteoutdoor.it\/index.php\/wp-json\/wp\/v2\/pages\/493"}],"wp:featuredmedia":[{"embeddable":true,"href":"https:\/\/aspromonteoutdoor.it\/index.php\/wp-json\/wp\/v2\/media\/392"}],"wp:attachment":[{"href":"https:\/\/aspromonteoutdoor.it\/index.php\/wp-json\/wp\/v2\/media?parent=391"}],"curies":[{"name":"wp","href":"https:\/\/api.w.org\/{rel}","templated":true}]}}