{"id":584,"date":"2019-06-29T18:05:20","date_gmt":"2019-06-29T16:05:20","guid":{"rendered":"https:\/\/aspromonteoutdoor.it\/?page_id=584"},"modified":"2024-05-02T11:50:31","modified_gmt":"2024-05-02T09:50:31","slug":"cascate-forgiarelle","status":"publish","type":"page","link":"https:\/\/aspromonteoutdoor.it\/index.php\/escursioni\/alto-aspromonte\/cascate-forgiarelle\/","title":{"rendered":"Cascate Forgiarelle"},"content":{"rendered":"\nngg_shortcode_0_placeholder\n\n\n\n<p>A 1200 m d&#8217;altitudine, nel cuore del Parco Nazionale d&#8217;Aspromonte e precisamente nel comune di Samo, il torrente Ferraina compie un salto di 70 metri, formando le cascate tra le pi\u00f9 belle del massiccio. Le Forgiarelle possono essere raggiunte da pi\u00f9 localit\u00e0, ma la nostra escursione prende il via da Serro Cerasia, per un totale di 17 km tra piste nei boschi, sentieri impervi e piccoli guadi. Seguiamo alcune piste fino alla localit\u00e0 Croce di Dio sia Lodato, per godere di uno strabiliante panorama, che arriva all&#8217;improvviso, che spazia fino al mare e comprende alcune delle cime pi\u00f9 interessanti dell&#8217;Aspromonte jonico, come Puntone Galera, monte  Perre, monte Iofri e monte Scapparrone, da qui un sentiero ci conduce nella foresta del Ferraina, con degli esemplari quasi millenari di quercia farnetto di una maestosit\u00e0 che lascia senza fiato. Giunti sulla riva del torrente e passati sull&#8217;altra sponda, seguiamo ancora dei sentieri appena accennati che seguono il costone della montagna e, dopo un piccolo sforzo, ci troviamo al piccolo spiazzo che ci conduce, infine alle agognate acque della cascata. <\/p>\n\n\n\n<p>Il ritorno \u00e8 pi\u00f9 agevole e passa dall&#8217;oasi dell&#8217;ex villaggio Canovai (dove viene voglia di stabilirsi per sempre).<\/p>\n\n\n\n<p><strong>SCHEDA ESCURSIONE:<\/strong><br><em>Tipo di escursione:<\/em>&nbsp;ad anello<br><em>Difficolt\u00e0:<\/em>&nbsp;E&nbsp;<br><em>Dislivello:<\/em>&nbsp;800 m c.ca<br><em>Durata:&nbsp;<\/em>6,5 ore comprese soste <br><em>Lunghezza:<\/em> 17 km c.ca<br><em>Acqua:<\/em>&nbsp;a met\u00e0 percorso e al villaggio <\/p>\n","protected":false},"excerpt":{"rendered":"<p>A 1200 m d&#8217;altitudine, nel cuore del Parco Nazionale d&#8217;Aspromonte e precisamente nel comune di Samo, il torrente Ferraina compie un salto di 70 metri, &hellip;<\/p>\n","protected":false},"author":1,"featured_media":589,"parent":652,"menu_order":0,"comment_status":"closed","ping_status":"closed","template":"","meta":{"ngg_post_thumbnail":0,"footnotes":""},"class_list":["post-584","page","type-page","status-publish","has-post-thumbnail","hentry"],"_links":{"self":[{"href":"https:\/\/aspromonteoutdoor.it\/index.php\/wp-json\/wp\/v2\/pages\/584","targetHints":{"allow":["GET"]}}],"collection":[{"href":"https:\/\/aspromonteoutdoor.it\/index.php\/wp-json\/wp\/v2\/pages"}],"about":[{"href":"https:\/\/aspromonteoutdoor.it\/index.php\/wp-json\/wp\/v2\/types\/page"}],"author":[{"embeddable":true,"href":"https:\/\/aspromonteoutdoor.it\/index.php\/wp-json\/wp\/v2\/users\/1"}],"replies":[{"embeddable":true,"href":"https:\/\/aspromonteoutdoor.it\/index.php\/wp-json\/wp\/v2\/comments?post=584"}],"version-history":[{"count":6,"href":"https:\/\/aspromonteoutdoor.it\/index.php\/wp-json\/wp\/v2\/pages\/584\/revisions"}],"predecessor-version":[{"id":1333,"href":"https:\/\/aspromonteoutdoor.it\/index.php\/wp-json\/wp\/v2\/pages\/584\/revisions\/1333"}],"up":[{"embeddable":true,"href":"https:\/\/aspromonteoutdoor.it\/index.php\/wp-json\/wp\/v2\/pages\/652"}],"wp:featuredmedia":[{"embeddable":true,"href":"https:\/\/aspromonteoutdoor.it\/index.php\/wp-json\/wp\/v2\/media\/589"}],"wp:attachment":[{"href":"https:\/\/aspromonteoutdoor.it\/index.php\/wp-json\/wp\/v2\/media?parent=584"}],"curies":[{"name":"wp","href":"https:\/\/api.w.org\/{rel}","templated":true}]}}