{"id":968,"date":"2020-08-28T08:34:18","date_gmt":"2020-08-28T06:34:18","guid":{"rendered":"https:\/\/aspromonteoutdoor.it\/?page_id=968"},"modified":"2020-08-28T08:34:19","modified_gmt":"2020-08-28T06:34:19","slug":"cascate-mundu-e-galasia","status":"publish","type":"page","link":"https:\/\/aspromonteoutdoor.it\/index.php\/escursioni\/aspromonte-occidentale\/cascate-mundu-e-galasia\/","title":{"rendered":"Cascate Mundu e Galasia"},"content":{"rendered":"\n<p>Difficile rendere a parole l&#8217;atmosfera sospesa che si respira sul percorso che porta a queste preziose gemme aspromontane.<\/p>\n\n\n\n<p>Siamo nel territorio di Molochio, sulla strada che porta a monte Trepit\u00f2, quando un piccolo slargo con un cartello colpisce la nostra attenzione. \u00c8 l&#8217;imbocco del sentiero per le cascate formate dai torrenti Barvi e Viscata che si snoda attraverso un paesaggio che si pu\u00f2 definire fiabesco. La prima particolarit\u00e0 \u00e8 l&#8217;inversione vegetazionale che si crea a causa del particolare microclima presente in questa piccola vallata, per cui i faggi crescono ad una quota pi\u00f9 bassa rispetto ai lecci. Tale microclima, per\u00f2, ha anche permesso ad una rara felce preistorica, la Woodwardia radicans, di continuare a crescere nei pressi della cascata Mundu durante gli ultimi 70 milioni di anni! Un vero fossile vivente.<\/p>\n\n\n\n<p>Continuando a camminare nel bosco, tra quel che resta di antichi coltivi e una rigogliosa macchia mediterranea, incontriamo le altre due cascate: Galasia piccola, di pi\u00f9 recente formazione e Galasia (grande), il velo da sposa, detta anche <em>crapa bianca<\/em>.<\/p>\n\n\n\n<p><strong>SCHEDA ESCURSIONE:<\/strong><br><em>Tipo di escursione:<\/em>\u00a0in linea a\/r<br><em>Difficolt\u00e0:<\/em>\u00a0E\u00a0<br><em>Dislivello:<\/em>\u00a0160 m c.ca<br><em>Durata:\u00a04<\/em>\u00a0ore comprese soste<br><em>Lunghezza:<\/em>\u00a06 km c.ca<br><em>Acqua:<\/em>\u00a0sorgente a met\u00e0 percorso <\/p>\n\n\n\nngg_shortcode_0_placeholder\n","protected":false},"excerpt":{"rendered":"<p>Difficile rendere a parole l&#8217;atmosfera sospesa che si respira sul percorso che porta a queste preziose gemme aspromontane. Siamo nel territorio di Molochio, sulla strada &hellip;<\/p>\n","protected":false},"author":1,"featured_media":973,"parent":645,"menu_order":0,"comment_status":"closed","ping_status":"closed","template":"","meta":{"ngg_post_thumbnail":0,"footnotes":""},"class_list":["post-968","page","type-page","status-publish","has-post-thumbnail","hentry"],"_links":{"self":[{"href":"https:\/\/aspromonteoutdoor.it\/index.php\/wp-json\/wp\/v2\/pages\/968","targetHints":{"allow":["GET"]}}],"collection":[{"href":"https:\/\/aspromonteoutdoor.it\/index.php\/wp-json\/wp\/v2\/pages"}],"about":[{"href":"https:\/\/aspromonteoutdoor.it\/index.php\/wp-json\/wp\/v2\/types\/page"}],"author":[{"embeddable":true,"href":"https:\/\/aspromonteoutdoor.it\/index.php\/wp-json\/wp\/v2\/users\/1"}],"replies":[{"embeddable":true,"href":"https:\/\/aspromonteoutdoor.it\/index.php\/wp-json\/wp\/v2\/comments?post=968"}],"version-history":[{"count":1,"href":"https:\/\/aspromonteoutdoor.it\/index.php\/wp-json\/wp\/v2\/pages\/968\/revisions"}],"predecessor-version":[{"id":974,"href":"https:\/\/aspromonteoutdoor.it\/index.php\/wp-json\/wp\/v2\/pages\/968\/revisions\/974"}],"up":[{"embeddable":true,"href":"https:\/\/aspromonteoutdoor.it\/index.php\/wp-json\/wp\/v2\/pages\/645"}],"wp:featuredmedia":[{"embeddable":true,"href":"https:\/\/aspromonteoutdoor.it\/index.php\/wp-json\/wp\/v2\/media\/973"}],"wp:attachment":[{"href":"https:\/\/aspromonteoutdoor.it\/index.php\/wp-json\/wp\/v2\/media?parent=968"}],"curies":[{"name":"wp","href":"https:\/\/api.w.org\/{rel}","templated":true}]}}